{"id":1418,"date":"2018-07-20T12:46:01","date_gmt":"2018-07-20T12:46:01","guid":{"rendered":"https:\/\/www.olibaeza.com\/politica-privacidad\/"},"modified":"2018-07-20T12:46:01","modified_gmt":"2018-07-20T12:46:01","slug":"politica-privacidad","status":"publish","type":"page","link":"https:\/\/www.olibaeza.com\/en\/politica-privacidad\/","title":{"rendered":"Pol\u00edtica de privacidad"},"content":{"rendered":"<p>De acuerdo con lo establecido en el Reglamento General de\nProtecci\u00f3n de Datos 2016\/679 (RGPD) y la Ley Org\u00e1nica 3\/2018, de 5 de\ndiciembre, de Protecci\u00f3n de Datos Personales y Garant\u00eda de los Derechos\nDigitales, le informamos que trataremos sus datos personales con la finalidad\nde:<\/p><p>La web de S.C.A.\ndel Campo El Alc\u00e1zar. (en adelante la web) se ha realizado con\nobjetivo meramente informativo para sus usuarios, que disponen de informaci\u00f3n\nque se ofrece de forma gratuita y accesible para todo el mundo sin necesidad de\nabonar ning\u00fan importe en ning\u00fan momento del acceso. Es sobre este entorno\nespecialmente, sobre el que cual S.C.A. del\nCampo El Alc\u00e1zar. desea establecer las presentes condiciones y\nlimitaciones de uso, que se extiende y a\u00f1ade en todas las cl\u00e1usulas\ncomplementarias y no contradictorias a las que puedan cubrir otras partes de la\nweb sujetas a condiciones generales y\/o particulares.<\/p><p>Incluso unas \u201cCondiciones Particulares\u201d en el\ncaso de ser necesario para servicios concretos. Estas \u00faltimas \u201cCondiciones\nParticulares\u201d habr\u00e1n de ser puestas a disposici\u00f3n del Usuario de forma\nfehaciente por cualquier medio y visadas de forma espec\u00edfica por el Usuario,\nantes de que ambas partes las consideren aceptadas y obren en consecuencia.<\/p><p>Los datos personales proporcionados se conservar\u00e1n,\nmientras se mantenga la relaci\u00f3n mercantil, no se solicite su supresi\u00f3n por el\ninteresado, o durante 1 a\u00f1o a partir de la \u00faltima confirmaci\u00f3n de inter\u00e9s, o\ndurante el tiempo necesario para cumplir con las obligaciones legales. La\nempresa NO tomar\u00e1 decisiones automatizadas. Los datos no se ceder\u00e1n a terceros\nsalvo en los casos en que exista una obligaci\u00f3n legal y los trataremos en base\na <strong><em>su consentimiento o ejecuci\u00f3n de un\ncontrato<\/em><\/strong><em>.<\/em><\/p><p>Asimismo, le informamos de la posibilidad de ejercer los\nsiguientes derechos sobre sus datos personales: derecho de acceso,\nrectificaci\u00f3n, supresi\u00f3n u olvido, limitaci\u00f3n, oposici\u00f3n, portabilidad y a\nretirar el consentimiento prestado, para ello podr\u00e1 enviar un email a: info@<strong>olibaeza.com <\/strong><\/p><p>Adem\u00e1s, el interesado puede dirigirse a la Autoridad de\nControl en materia de Protecci\u00f3n de Datos competente para obtener informaci\u00f3n\nadicional o presentar una reclamaci\u00f3n.<\/p><p>Datos identificativos del responsable:<\/p><p>S.C.A. del Campo El Alc\u00e1zar, F23005564, Carretera de Ibros\nS\/N &#8211; 23440 &#8211; Baeza &#8211; JAEN, 953740311<\/p>","protected":false},"excerpt":{"rendered":"<p>De acuerdo con lo establecido en el Reglamento General de Protecci\u00f3n de Datos 2016\/679 (RGPD) y la Ley Org\u00e1nica 3\/2018, de 5 de diciembre, de Protecci\u00f3n de Datos Personales y Garant\u00eda de los Derechos Digitales, le informamos que trataremos sus datos personales con la finalidad de: La web de S.C.A. del Campo El Alc\u00e1zar. (en&#8230;  <a class=\"excerpt-read-more\" href=\"https:\/\/www.olibaeza.com\/en\/politica-privacidad\/\" title=\"Read Pol\u00edtica de privacidad\">Read more &raquo;<\/a><\/p>\n","protected":false},"author":1,"featured_media":0,"parent":0,"menu_order":0,"comment_status":"closed","ping_status":"open","template":"","meta":{"_acf_changed":false,"footnotes":""},"class_list":["post-1418","page","type-page","status-publish","hentry"],"acf":[],"_links":{"self":[{"href":"https:\/\/www.olibaeza.com\/en\/wp-json\/wp\/v2\/pages\/1418"}],"collection":[{"href":"https:\/\/www.olibaeza.com\/en\/wp-json\/wp\/v2\/pages"}],"about":[{"href":"https:\/\/www.olibaeza.com\/en\/wp-json\/wp\/v2\/types\/page"}],"author":[{"embeddable":true,"href":"https:\/\/www.olibaeza.com\/en\/wp-json\/wp\/v2\/users\/1"}],"replies":[{"embeddable":true,"href":"https:\/\/www.olibaeza.com\/en\/wp-json\/wp\/v2\/comments?post=1418"}],"version-history":[{"count":0,"href":"https:\/\/www.olibaeza.com\/en\/wp-json\/wp\/v2\/pages\/1418\/revisions"}],"wp:attachment":[{"href":"https:\/\/www.olibaeza.com\/en\/wp-json\/wp\/v2\/media?parent=1418"}],"curies":[{"name":"wp","href":"https:\/\/api.w.org\/{rel}","templated":true}]}}