{"id":1413,"date":"2019-04-23T09:10:54","date_gmt":"2019-04-23T09:10:54","guid":{"rendered":"https:\/\/www.olibaeza.com\/?page_id=1413"},"modified":"2019-06-03T11:34:49","modified_gmt":"2019-06-03T11:34:49","slug":"cookies-policy","status":"publish","type":"page","link":"https:\/\/www.olibaeza.com\/en\/cookies-policy\/","title":{"rendered":"Cookies policy"},"content":{"rendered":"<p><strong><em>S.C.A. del\nCampo El Alc\u00e1zar , a trav\u00e9s del presente documento, recoge su Pol\u00edtica de\nrecogida y tratamiento de cookies, en cumplimiento de lo dispuesto en el\nart\u00edculo 22.2 de la Ley 34\/2002, de 11 de julio, de Servicios de la Sociedad de\nla Informaci\u00f3n y de Comercio Electr\u00f3nico (LSSICE).<\/em><\/strong><\/p><p><strong><em>Las cookies se\nalmacenan en el equipo terminal del usuario (ordenador o dispositivo m\u00f3vil) y\nrecopilan informaci\u00f3n al visitar la p\u00e1gina web www.olibaeza.com, con la\nfinalidad de mejorar la usabilidad de las mismas, conocer los h\u00e1bitos o\nnecesidades de navegaci\u00f3n de los usuarios para poder adaptarse a los mismos,\nas\u00ed como obtener informaci\u00f3n con fines estad\u00edsticos. En el caso de aquellos\nusuarios que ya sean clientes de la entidad, la informaci\u00f3n recabada con las\ncookies servir\u00e1 tambi\u00e9n para su identificaci\u00f3n al acceder a las distintas\nherramientas que la entidad pone a su disposici\u00f3n para la gesti\u00f3n de los\nservicios.<\/em><\/strong><\/p><p><strong><em>La presente\nPol\u00edtica de Cookies ser\u00e1 de aplicaci\u00f3n a aquellos usuarios que voluntariamente\nvisitan las p\u00e1ginas web de la entidad, cumplimentan formularios de recogida de\ndatos, acceden a las herramientas que la entidad pone a disposici\u00f3n de sus\nclientes para gestionar sus servicios, o utilizan cualquier otro servicio\npresente en el sitio web que implique la comunicaci\u00f3n de datos a la entidad, o\nel acceso a datos por la entidad, para la prestaci\u00f3n de sus servicios.<\/em><\/strong><\/p><p><strong><em>La entidad\ninforma a los usuarios de sus p\u00e1ginas web, de la existencia de cookies y pone a\nsu disposici\u00f3n la presente Pol\u00edtica con la finalidad de informarles acerca del\nuso y del objeto de las mismas. El hecho de continuar la navegaci\u00f3n a trav\u00e9s de\nsus p\u00e1ginas, supone el conocimiento y la aceptaci\u00f3n de la presente Pol\u00edtica por\nparte de dichos usuarios.<\/em><\/strong><\/p><p><strong><em>S.C.A. del Campo El Alc\u00e1zar&nbsp; utiliza los siguientes tipos de cookies:<\/em><\/strong><\/p><p><strong><em>&nbsp;&nbsp; &nbsp; &nbsp; Clasificadas por su\ntitularidad:<\/em><\/strong><\/p><p><strong><em>&nbsp;&nbsp; * &nbsp; Cookies propias: enviadas y\ngestionadas directamente por la entidad.<\/em><\/strong><\/p><p><strong><em>&nbsp;&nbsp; * &nbsp;Cookies de terceros: enviadas y\ngestionadas por un tercero ajeno a la entidad, de forma an\u00f3nima, con la\nfinalidad de realizar estudios estad\u00edsticos de navegaci\u00f3n por las p\u00e1ginas web\nde la entidad.<\/em><\/strong><\/p><p><strong><em>&nbsp;Clasificadas por su finalidad:<\/em><\/strong><\/p><p><strong><em>&nbsp;&nbsp; * Cookies t\u00e9cnicas y\/o de\npersonalizaci\u00f3n: facilitan la navegaci\u00f3n, al identificar la sesi\u00f3n, permitir el\nacceso a herramientas de acceso restringido, adem\u00e1s de configurar a medida las\nopciones disponibles. Posibilitan la prestaci\u00f3n del servicio solicitado\npreviamente por el usuario.<\/em><\/strong><\/p><p><strong><em>&nbsp;&nbsp; * &nbsp;Cookies de an\u00e1lisis y\/o\npublicidad: permiten conocer el n\u00famero de visitas recibidas en las diferentes\nsecciones de las p\u00e1ginas web, los h\u00e1bitos y tendencias de sus usuarios y en\nconsecuencia, poder mejorar la navegaci\u00f3n y el servicio ofrecido por la entidad\n(fundamentalmente, Google Analytics), as\u00ed como gestionar los espacios\npublicitarios incluidos en la p\u00e1gina web visitada por el usuario. Recopila\ndatos de forma an\u00f3nima con la finalidad de obtener perfiles de navegaci\u00f3n de\nlos usuarios.<\/em><\/strong><\/p><p><strong><em>&nbsp;Clasificadas por su duraci\u00f3n:<\/em><\/strong><\/p><p><strong><em>&nbsp;&nbsp;* &nbsp; Cookies de sesi\u00f3n: recaban y\nalmacenan los datos mientras el usuario accede a la p\u00e1gina web.<\/em><\/strong><\/p><p><strong><em>&nbsp;&nbsp;* &nbsp;Cookies persistentes: recaban y\nalmacenan los datos en el terminal del usuario durante un periodo de tiempo\nvariable en funci\u00f3n de cu\u00e1l sea la finalidad para la que han sido utilizadas.<\/em><\/strong><\/p><p><strong><em>El tiempo de\nconservaci\u00f3n de las cookies depender\u00e1 del tipo de que se trate y siempre ser\u00e1\nel m\u00ednimo indispensable para cumplir su finalidad.<\/em><\/strong><\/p><p><strong><em>En cualquier\ncaso, los usuarios pueden configurar su navegador, de manera que se deshabilite\no bloquee la recepci\u00f3n de todas o algunas de las cookies. El hecho de no desear\nrecibir estas cookies, no constituye un impedimento para poder acceder a la\ninformaci\u00f3n de los sitios web de la entidad aunque el uso de algunos servicios\npodr\u00e1 ser limitado. Si una vez otorgado el consentimiento para la recepci\u00f3n de\ncookies, se desease retirar \u00e9ste, se deber\u00e1n eliminar aquellas almacenadas en\nel equipo del usuario, a trav\u00e9s de las opciones de los diferentes navegadores.<\/em><\/strong><\/p><p><strong><em>La forma de\nconfigurar los diferentes navegadores para ejercitar las acciones se\u00f1aladas en\nlos p\u00e1rrafos anteriores, se puede consultar en:<\/em><\/strong><\/p><p><strong><em>&nbsp;&nbsp;* &nbsp; &nbsp;Explorer:\nhttp:\/\/windows.microsoft.com\/es-es\/windows7\/how-to-manage-cookies-in-internet-explorer-9<\/em><\/strong><\/p><p><strong><em>&nbsp;&nbsp;* &nbsp; &nbsp;Chrome:\nhttps:\/\/support.google.com\/chrome\/answer\/95647?hl=es<\/em><\/strong><\/p><p><strong><em>&nbsp;&nbsp;* &nbsp; &nbsp;Firefox:\nhttp:\/\/support.mozilla.org\/es\/kb\/cookies-informacion-que-los-sitios-web-guardan-en-?redirectlocale=en-US&amp;redirectslug=Cookies<\/em><\/strong><\/p>","protected":false},"excerpt":{"rendered":"<p>S.C.A. del Campo El Alc\u00e1zar , a trav\u00e9s del presente documento, recoge su Pol\u00edtica de recogida y tratamiento de cookies, en cumplimiento de lo dispuesto en el art\u00edculo 22.2 de la Ley 34\/2002, de 11 de julio, de Servicios de la Sociedad de la Informaci\u00f3n y de Comercio Electr\u00f3nico (LSSICE). Las cookies se almacenan en&#8230;  <a class=\"excerpt-read-more\" href=\"https:\/\/www.olibaeza.com\/en\/cookies-policy\/\" title=\"Read Cookies policy\">Read more &raquo;<\/a><\/p>\n","protected":false},"author":1,"featured_media":0,"parent":0,"menu_order":0,"comment_status":"closed","ping_status":"closed","template":"","meta":{"_acf_changed":false,"footnotes":""},"class_list":["post-1413","page","type-page","status-publish","hentry"],"acf":[],"_links":{"self":[{"href":"https:\/\/www.olibaeza.com\/en\/wp-json\/wp\/v2\/pages\/1413"}],"collection":[{"href":"https:\/\/www.olibaeza.com\/en\/wp-json\/wp\/v2\/pages"}],"about":[{"href":"https:\/\/www.olibaeza.com\/en\/wp-json\/wp\/v2\/types\/page"}],"author":[{"embeddable":true,"href":"https:\/\/www.olibaeza.com\/en\/wp-json\/wp\/v2\/users\/1"}],"replies":[{"embeddable":true,"href":"https:\/\/www.olibaeza.com\/en\/wp-json\/wp\/v2\/comments?post=1413"}],"version-history":[{"count":1,"href":"https:\/\/www.olibaeza.com\/en\/wp-json\/wp\/v2\/pages\/1413\/revisions"}],"predecessor-version":[{"id":1414,"href":"https:\/\/www.olibaeza.com\/en\/wp-json\/wp\/v2\/pages\/1413\/revisions\/1414"}],"wp:attachment":[{"href":"https:\/\/www.olibaeza.com\/en\/wp-json\/wp\/v2\/media?parent=1413"}],"curies":[{"name":"wp","href":"https:\/\/api.w.org\/{rel}","templated":true}]}}