{"id":1677,"date":"2018-10-08T07:16:05","date_gmt":"2018-10-08T07:16:05","guid":{"rendered":"https:\/\/www.olibaeza.com\/producto\/gourmet-etui-1000cc\/"},"modified":"2020-01-07T10:51:59","modified_gmt":"2020-01-07T10:51:59","slug":"gourmet-etui-1000cc","status":"publish","type":"product","link":"https:\/\/www.olibaeza.com\/de\/producto\/gourmet-etui-1000cc\/","title":{"rendered":"&#8220;Gourmet&#8221;-Etui 1000cc"},"content":{"rendered":"<p><span lang=\"DE\">Bei der Herstellung des nativen Oliven\u00f6ls extra\u00a0<strong>AOVE Gourmet<\/strong>\u00a0von\u00a0<strong>Olibaeza<\/strong>\u00a0kommt ein\u00a0<strong>System zur \u00dcberwachung der Integrierten Produktion zum Einsatz<\/strong>, das strenge Kontrollen hinsichtlich Qualit\u00e4t und Umweltschutz vorsieht. Bei diesem Prozess wird auf die Pflege der Olivenhaine, die Qualit\u00e4t der Oliven und des nativen Oliven\u00f6ls extra geachtet. Dieses \u00d6l wird aus der ersten Ernte\u00a0<strong>anfangs Oktober<\/strong> gewonnen und gepresst.<\/span><\/p>\n<p>Das Produkt wird aus Oliven der <strong>Sorte<\/strong> <strong>Arbequina<\/strong> gewonnen. <span lang=\"DE\">Diese ergeben ein natives Oliven\u00f6l extra mit fruchtigen Noten, das ideal f\u00fcr den rohen Verzehr ist. Bei der Zubereitung von Speisen kann es \u00fcberall eingesetzt werden, aber um seinen Geschmack und die aromatischen Noten zu genie\u00dfen empfehlen wir die Verwendung zu Salat und allen kalten Speisen.<\/span><\/p>\n<p><span lang=\"DE\">Zur optimalen Konservierung empfiehlt es sich, das native Oliven\u00f6l extra AOVE an einem k\u00fchlen, trockenen und vor der Sonne gesch\u00fctzten Ort aufzubewahren.<\/span><\/p>\n","protected":false},"excerpt":{"rendered":"<p>Das native Oliven\u00f6l extra <strong>AOVE Gourmet<\/strong> wird aus der <strong>fr\u00fchen Ernte<\/strong> der Sorte <strong>Arbequina<\/strong> gewonnen.<\/p>\n<p>Das Produkt ist in\u00a0<strong>2 Glasflaschen<\/strong>\u00a0von je\u00a0<strong>500\u00a0cc<\/strong> abgef\u00fcllt, welche wiederum in einen Karton verpackt sind, um die Qualit\u00e4t des nativen Oliven\u00f6ls extra AOVE zu sch\u00fctzen, damit es Ihr Haus in optimalem Zustand erreicht.<\/p>\n","protected":false},"featured_media":1597,"template":"","meta":{"_acf_changed":false},"product_cat":[88],"product_tag":[],"class_list":{"0":"post-1677","1":"product","2":"type-product","3":"status-publish","4":"has-post-thumbnail","6":"product_cat-gourmet-de","7":"product_shipping_class-gratuito-de","9":"first","10":"outofstock","11":"taxable","12":"shipping-taxable","13":"purchasable","14":"product-type-simple"},"acf":[],"_links":{"self":[{"href":"https:\/\/www.olibaeza.com\/de\/wp-json\/wp\/v2\/product\/1677"}],"collection":[{"href":"https:\/\/www.olibaeza.com\/de\/wp-json\/wp\/v2\/product"}],"about":[{"href":"https:\/\/www.olibaeza.com\/de\/wp-json\/wp\/v2\/types\/product"}],"wp:featuredmedia":[{"embeddable":true,"href":"https:\/\/www.olibaeza.com\/de\/wp-json\/wp\/v2\/media\/1597"}],"wp:attachment":[{"href":"https:\/\/www.olibaeza.com\/de\/wp-json\/wp\/v2\/media?parent=1677"}],"wp:term":[{"taxonomy":"product_cat","embeddable":true,"href":"https:\/\/www.olibaeza.com\/de\/wp-json\/wp\/v2\/product_cat?post=1677"},{"taxonomy":"product_tag","embeddable":true,"href":"https:\/\/www.olibaeza.com\/de\/wp-json\/wp\/v2\/product_tag?post=1677"}],"curies":[{"name":"wp","href":"https:\/\/api.w.org\/{rel}","templated":true}]}}