{"id":1674,"date":"2018-10-08T07:09:12","date_gmt":"2018-10-08T07:09:12","guid":{"rendered":"https:\/\/www.olibaeza.com\/producto\/bag-in-box-premium-3-liter\/"},"modified":"2020-08-25T14:03:37","modified_gmt":"2020-08-25T14:03:37","slug":"bag-in-box-premium-3-liter","status":"publish","type":"product","link":"https:\/\/www.olibaeza.com\/de\/producto\/bag-in-box-premium-3-liter\/","title":{"rendered":"Bag In Box \u201cPremium\u201d 3 Liter"},"content":{"rendered":"<p><span lang=\"DE\">Bei der Herstellung des nativen Oliven\u00f6ls extra\u00a0<strong>AOVE Premium<\/strong>\u00a0von\u00a0<strong>Olibaeza<\/strong>\u00a0kommt ein\u00a0<strong>System zur \u00dcberwachung der Integrierten Produktion zum Einsatz<\/strong>, das strenge Kontrollen hinsichtlich Qualit\u00e4t und Umweltschutz vorsieht. Bei diesem Prozess wird auf die Pflege der Olivenhaine, die Qualit\u00e4t der Oliven und des nativen Oliven\u00f6ls extra geachtet. Dieses \u00d6l wird aus der ersten Ernte\u00a0<strong>anfangs Oktober<\/strong> gewonnen und gepresst.<\/span><\/p>\n<p><span lang=\"DE\">Das Produkt wird aus Oliven der\u00a0<strong>Sorte<\/strong>\u00a0<strong>Picual<\/strong> gewonnen. Diese ergeben ein natives Oliven\u00f6l extra mit fruchtigen Noten, das ideal f\u00fcr den rohen Verzehr ist. Bei der Zubereitung von Speisen kann es \u00fcberall eingesetzt werden, aber um seinen Geschmack und die aromatischen Noten zu genie\u00dfen empfiehlt sich die Verwendung zu Salat und allen kalten Gerichten.<\/span><\/p>\n<p><span lang=\"DE\">Zur optimalen Konservierung empfehlen wir, das native Oliven\u00f6l extra AOVE an einem k\u00fchlen, trockenen und vor der Sonne gesch\u00fctzten Ort aufzubewahren.<\/span><\/p>\n","protected":false},"excerpt":{"rendered":"<p>Das native Oliven\u00f6l extra <strong>AOVE Premium<\/strong> wird aus der <strong>fr\u00fchen Ernte<\/strong> der Sorte <strong>Picual<\/strong> gewonnen.<\/p>\n<p>Verpackung im Format<strong> BIB (Bag In Box) mit 3\u00a0L<\/strong>. Das \u00d6l ist in einen flexiblen Beutel abgef\u00fcllt, der mit einem Hahn versehen ist und in einem Karton steht. Durch die Vakuum-Versiegelung dieser Art von Verpackung bleiben alle Eigenschaften des Produkts perfekt erhalten.<\/p>\n","protected":false},"featured_media":31715,"template":"","meta":{"_acf_changed":false},"product_cat":[86],"product_tag":[],"class_list":{"0":"post-1674","1":"product","2":"type-product","3":"status-publish","4":"has-post-thumbnail","6":"product_cat-premium-de","7":"product_shipping_class-gratuito-de","9":"first","10":"instock","11":"taxable","12":"shipping-taxable","13":"purchasable","14":"product-type-simple"},"acf":[],"_links":{"self":[{"href":"https:\/\/www.olibaeza.com\/de\/wp-json\/wp\/v2\/product\/1674"}],"collection":[{"href":"https:\/\/www.olibaeza.com\/de\/wp-json\/wp\/v2\/product"}],"about":[{"href":"https:\/\/www.olibaeza.com\/de\/wp-json\/wp\/v2\/types\/product"}],"wp:featuredmedia":[{"embeddable":true,"href":"https:\/\/www.olibaeza.com\/de\/wp-json\/wp\/v2\/media\/31715"}],"wp:attachment":[{"href":"https:\/\/www.olibaeza.com\/de\/wp-json\/wp\/v2\/media?parent=1674"}],"wp:term":[{"taxonomy":"product_cat","embeddable":true,"href":"https:\/\/www.olibaeza.com\/de\/wp-json\/wp\/v2\/product_cat?post=1674"},{"taxonomy":"product_tag","embeddable":true,"href":"https:\/\/www.olibaeza.com\/de\/wp-json\/wp\/v2\/product_tag?post=1674"}],"curies":[{"name":"wp","href":"https:\/\/api.w.org\/{rel}","templated":true}]}}