{"id":1661,"date":"2019-03-03T13:24:20","date_gmt":"2019-03-03T13:24:20","guid":{"rendered":"https:\/\/www.olibaeza.com\/producto\/schokolade-mit-nativem-olivenol-extra-aove-premium-paket-mit-3-stuck\/"},"modified":"2020-04-13T09:16:26","modified_gmt":"2020-04-13T09:16:26","slug":"schokolade-mit-nativem-olivenol-extra-aove-premium-paket-mit-3-stuck","status":"publish","type":"product","link":"https:\/\/www.olibaeza.com\/de\/producto\/schokolade-mit-nativem-olivenol-extra-aove-premium-paket-mit-3-stuck\/","title":{"rendered":"Schokolade mit nativem Oliven\u00f6l extra AOVE Premium \u2013 Paket mit 3 St\u00fcck"},"content":{"rendered":"<p><span lang=\"DE\">Bei der Herstellung des nativen Oliven\u00f6ls extra\u00a0<strong>AOVE Premium<\/strong>\u00a0von\u00a0<strong>Olibaeza<\/strong>, das wir in dieser Schokolade verwenden, wird ein <strong>System zur \u00dcberwachung der Integrierten Produktion eingesetzt<\/strong>, das strenge Kontrollen hinsichtlich Qualit\u00e4t und Umweltschutz vorsieht. Bei diesem Prozess wird auf die Pflege der Olivenhaine, die Qualit\u00e4t der Oliven und des nativen Oliven\u00f6ls extra geachtet. Dieses \u00d6l wird aus der ersten Ernte\u00a0<strong>anfangs Oktober<\/strong> gewonnen und gepresst.<\/span><\/p>\n<p><span lang=\"DE\">Die Herstellung der Marmelade erfolgt unter Wahrung strikter Kontrollen hinsichtlich Qualit\u00e4t und Mischung. An einem k\u00fchlen, vor Licht und W\u00e4rme gesch\u00fctzten Ort aufbewahren.<\/span><\/p>\n","protected":false},"excerpt":{"rendered":"<p>Schokolade mit <strong>nativem Oliven\u00f6l extra AOVE Premium<\/strong> von<strong> Olibaeza<\/strong> (Picual, fr\u00fche Ernte). Sie ist in vielf\u00e4ltigen Variationen erh\u00e4ltlich: die ges\u00fcndere Art, etwas S\u00fc\u00dfes zu genie\u00dfen.<\/p>\n<p>Das Produkt wird in <strong>Packs mit 3 Tafeln<\/strong> eines bestimmten w\u00e4hlbaren Geschmacks versandt. Damit es Ihr Haus in optimalem Zustand erreicht, ist es <strong>nur von Oktober bis April erh\u00e4ltlich<\/strong>.<\/p>\n","protected":false},"featured_media":613,"template":"","meta":{"_acf_changed":false},"product_cat":[100],"product_tag":[],"class_list":{"0":"post-1661","1":"product","2":"type-product","3":"status-publish","4":"has-post-thumbnail","6":"product_cat-otros-productos-de","7":"product_shipping_class-gratuito-de","9":"first","10":"instock","11":"taxable","12":"shipping-taxable","13":"purchasable","14":"product-type-simple"},"acf":[],"_links":{"self":[{"href":"https:\/\/www.olibaeza.com\/de\/wp-json\/wp\/v2\/product\/1661"}],"collection":[{"href":"https:\/\/www.olibaeza.com\/de\/wp-json\/wp\/v2\/product"}],"about":[{"href":"https:\/\/www.olibaeza.com\/de\/wp-json\/wp\/v2\/types\/product"}],"wp:featuredmedia":[{"embeddable":true,"href":"https:\/\/www.olibaeza.com\/de\/wp-json\/wp\/v2\/media\/613"}],"wp:attachment":[{"href":"https:\/\/www.olibaeza.com\/de\/wp-json\/wp\/v2\/media?parent=1661"}],"wp:term":[{"taxonomy":"product_cat","embeddable":true,"href":"https:\/\/www.olibaeza.com\/de\/wp-json\/wp\/v2\/product_cat?post=1661"},{"taxonomy":"product_tag","embeddable":true,"href":"https:\/\/www.olibaeza.com\/de\/wp-json\/wp\/v2\/product_tag?post=1661"}],"curies":[{"name":"wp","href":"https:\/\/api.w.org\/{rel}","templated":true}]}}