{"id":1659,"date":"2019-03-03T13:19:02","date_gmt":"2019-03-03T13:19:02","guid":{"rendered":"https:\/\/www.olibaeza.com\/producto\/marmelade-mit-nativem-olivenol-extra-aove-premium\/"},"modified":"2020-08-10T10:08:00","modified_gmt":"2020-08-10T10:08:00","slug":"marmelade-mit-nativem-olivenol-extra-aove-premium","status":"publish","type":"product","link":"https:\/\/www.olibaeza.com\/de\/producto\/marmelade-mit-nativem-olivenol-extra-aove-premium\/","title":{"rendered":"Marmelade mit nativem Oliven\u00f6l extra AOVE Premium \u2013 Paket mit 3 St\u00fcck"},"content":{"rendered":"<p><span lang=\"DE\">Bei der Herstellung des nativen Oliven\u00f6ls extra\u00a0<strong>AOVE Premium<\/strong>\u00a0von\u00a0<strong>Olibaeza<\/strong>, das wir in dieser Marmelade verwenden, wird ein\u00a0<strong>System zur \u00dcberwachung der Integrierten Produktion eingesetzt<\/strong>, das strenge Kontrollen hinsichtlich Qualit\u00e4t und Umweltschutz vorsieht. Bei diesem Prozess wird auf die Pflege der Olivenhaine, die Qualit\u00e4t der Oliven und des nativen Oliven\u00f6ls extra geachtet. Dieses \u00d6l wird aus der ersten Ernte\u00a0<strong>anfangs Oktober<\/strong> gewonnen und gepresst.<\/span><\/p>\n<p><span lang=\"DE\">Die Herstellung der Marmelade erfolgt unter Wahrung strikter Kontrollen hinsichtlich Qualit\u00e4t und Mischung. An einem k\u00fchlen, vor Licht und W\u00e4rme gesch\u00fctzten Ort aufbewahren.<\/span><\/p>\n","protected":false},"excerpt":{"rendered":"<p>Die Marmelade wird hergestellt mit <strong>nativem Oliven\u00f6l extra AOVE Premium<\/strong> von <strong>Olibaeza<\/strong> aus Oliven der Sorte Picual (fr\u00fche Ernte).<\/p>\n<p>Das Produkt wird dargeboten in Packs mit <strong>je 3 Gl\u00e4sern zu 100\u00a0cc<\/strong>\u00a0Marmelade. Sein s\u00fc\u00dfer Geschmack ist ideal zu vielerlei Speisen: Es kann f\u00fcr sich allein oder unter anderem mit K\u00e4se oder rotem Fleisch verzehrt werden.<\/p>\n","protected":false},"featured_media":670,"template":"","meta":{"_acf_changed":false},"product_cat":[100],"product_tag":[],"class_list":{"0":"post-1659","1":"product","2":"type-product","3":"status-publish","4":"has-post-thumbnail","6":"product_cat-otros-productos-de","7":"product_shipping_class-gratuito-de","9":"first","10":"instock","11":"featured","12":"taxable","13":"shipping-taxable","14":"purchasable","15":"product-type-simple"},"acf":[],"_links":{"self":[{"href":"https:\/\/www.olibaeza.com\/de\/wp-json\/wp\/v2\/product\/1659"}],"collection":[{"href":"https:\/\/www.olibaeza.com\/de\/wp-json\/wp\/v2\/product"}],"about":[{"href":"https:\/\/www.olibaeza.com\/de\/wp-json\/wp\/v2\/types\/product"}],"wp:featuredmedia":[{"embeddable":true,"href":"https:\/\/www.olibaeza.com\/de\/wp-json\/wp\/v2\/media\/670"}],"wp:attachment":[{"href":"https:\/\/www.olibaeza.com\/de\/wp-json\/wp\/v2\/media?parent=1659"}],"wp:term":[{"taxonomy":"product_cat","embeddable":true,"href":"https:\/\/www.olibaeza.com\/de\/wp-json\/wp\/v2\/product_cat?post=1659"},{"taxonomy":"product_tag","embeddable":true,"href":"https:\/\/www.olibaeza.com\/de\/wp-json\/wp\/v2\/product_tag?post=1659"}],"curies":[{"name":"wp","href":"https:\/\/api.w.org\/{rel}","templated":true}]}}