{"id":1652,"date":"2018-10-08T07:22:36","date_gmt":"2018-10-08T07:22:36","guid":{"rendered":"https:\/\/www.olibaeza.com\/producto\/5-liter-behalter\/"},"modified":"2020-06-01T08:38:44","modified_gmt":"2020-06-01T08:38:44","slug":"5-liter-kanister","status":"publish","type":"product","link":"https:\/\/www.olibaeza.com\/de\/producto\/5-liter-kanister\/","title":{"rendered":"5-Liter-Kanister \u2013 Paket mit 3 St\u00fcck"},"content":{"rendered":"<p><span lang=\"DE\">Bei der Herstellung des nativen Oliven\u00f6ls extra\u00a0<strong>AOVE Familiar<\/strong>\u00a0von\u00a0<strong>Olibaeza<\/strong>\u00a0kommt ein\u00a0<strong>System zur \u00dcberwachung der Integrierten Produktion zum Einsatz,<\/strong> das strenge Kontrollen hinsichtlich Qualit\u00e4t und Umweltschutz vorsieht. Bei diesem Prozess wird auf die Pflege der Olivenhaine, die Qualit\u00e4t der Oliven und des nativen Oliven\u00f6ls extra geachtet. Die Fr\u00fcchte f\u00fcr dieses \u00d6l werden <strong>in den Monaten November bis Januar geerntet und verarbeitet<\/strong>.<\/span><\/p>\n<p><span lang=\"DE\">Das Produkt wird aus Oliven der\u00a0<strong>Sorte<\/strong>\u00a0<strong>Picual<\/strong> gewonnen, welche ein natives Oliven\u00f6l extra von traditionellem Geschmack ergeben, das ideal ist zu allen Arten von gekochten sowie rohen Speisen.<\/span><\/p>\n<p><span lang=\"DE\">Zur optimalen Konservierung empfiehlt es sich, das native Oliven\u00f6l extra AOVE an einem k\u00fchlen, trockenen und vor der Sonne gesch\u00fctzten Ort aufzubewahren.<\/span><\/p>\n","protected":false},"excerpt":{"rendered":"<p>Das native Oliven\u00f6l extra <strong>AOVE Familiar<\/strong> wird aus der Sorte <strong>Picual<\/strong> gewonnen.<\/p>\n<p>Das Produkt ist in<strong> 3<\/strong>\u00a0<strong>PET-Kanister\u00a0mit je<\/strong> <strong>5\u00a0L <\/strong>verpackt. Das Pack wird in nur 1 Karton versandt, um die Qualit\u00e4t des nativen Oliven\u00f6ls extra AOVE zu sch\u00fctzen.&gt;<\/p>\n","protected":false},"featured_media":1594,"template":"","meta":{"_acf_changed":false},"product_cat":[84],"product_tag":[],"class_list":{"0":"post-1652","1":"product","2":"type-product","3":"status-publish","4":"has-post-thumbnail","6":"product_cat-familiar-de","7":"product_shipping_class-gratuito-de","9":"first","10":"instock","11":"taxable","12":"shipping-taxable","13":"purchasable","14":"product-type-simple"},"acf":[],"_links":{"self":[{"href":"https:\/\/www.olibaeza.com\/de\/wp-json\/wp\/v2\/product\/1652"}],"collection":[{"href":"https:\/\/www.olibaeza.com\/de\/wp-json\/wp\/v2\/product"}],"about":[{"href":"https:\/\/www.olibaeza.com\/de\/wp-json\/wp\/v2\/types\/product"}],"wp:featuredmedia":[{"embeddable":true,"href":"https:\/\/www.olibaeza.com\/de\/wp-json\/wp\/v2\/media\/1594"}],"wp:attachment":[{"href":"https:\/\/www.olibaeza.com\/de\/wp-json\/wp\/v2\/media?parent=1652"}],"wp:term":[{"taxonomy":"product_cat","embeddable":true,"href":"https:\/\/www.olibaeza.com\/de\/wp-json\/wp\/v2\/product_cat?post=1652"},{"taxonomy":"product_tag","embeddable":true,"href":"https:\/\/www.olibaeza.com\/de\/wp-json\/wp\/v2\/product_tag?post=1652"}],"curies":[{"name":"wp","href":"https:\/\/api.w.org\/{rel}","templated":true}]}}