{"id":1713,"date":"2019-04-23T09:09:39","date_gmt":"2019-04-23T09:09:39","guid":{"rendered":"https:\/\/www.olibaeza.com\/?page_id=1713"},"modified":"2019-07-11T11:07:48","modified_gmt":"2019-07-11T11:07:48","slug":"terminos-y-condiciones-de-venta","status":"publish","type":"page","link":"https:\/\/www.olibaeza.com\/de\/terminos-y-condiciones-de-venta\/","title":{"rendered":"T\u00e9rminos y condiciones de venta"},"content":{"rendered":"<p><strong>Estas\ncondiciones de compra y entrega se aplican a todas las compras realizadas a\ntrav\u00e9s de la p\u00e1gina web <\/strong><strong><em>www.olibaeza.com<\/em><\/strong><strong>, titularidad de <\/strong><strong><em>S.C.A. del\nCampo El Alc\u00e1zar<\/em><\/strong><strong>, con sede social en <\/strong><strong><em>Carretera de\nIbros S\/N &#8211; 23440 &#8211; Baeza &#8211; JAEN<\/em><\/strong><strong> Cif <\/strong><strong><em>F23005564<\/em><\/strong><strong>,\ntel\u00e9fono <\/strong><strong><em>953740311<\/em><\/strong><strong> y direcci\u00f3n de correo\nelectr\u00f3nico&nbsp;<\/strong><strong><em>info@olibaeza.com<\/em><\/strong><strong><\/strong><\/p><p><strong>Para cualquier consulta puede\ndirigirse a la direcci\u00f3n de correo <\/strong><strong><em>info@olibaeza.com<\/em><\/strong><strong> o en al\ntel\u00e9fono 953740311 en horario de 9 a 14h y de 16 a 20h delunes a viernes.<\/strong><\/p><p><strong>Estas condiciones de contrataci\u00f3n\ntienen como objeto describir e informar al usuario de las condiciones que se\naplican a las compras hechas a trav\u00e9s del portal <\/strong><strong><em>www.olibaeza.com<\/em><\/strong><strong> de los\nproductos que en cada momento se ofrezcan. Estas condiciones de contrataci\u00f3n se\ncomplementan con la informaci\u00f3n que se hace constar en el aviso legal y en la\npol\u00edtica de privacidad, y con la que conste para cada producto en particular.<\/strong><\/p><p><strong>La validaci\u00f3n de la compra supone\nla aceptaci\u00f3n de estas condiciones generales y constituye una prueba del\nconocimiento y conformidad por parte del cliente. Estas condiciones podr\u00e1n ser\nmodificadas en cualquier momento por <\/strong><strong><em>S.C.A. del Campo El Alc\u00e1zar<\/em><\/strong><strong> y, si\nprocede, las condiciones particulares que en cada caso se puedan establecer,\npero se proceder\u00e1 inmediatamente a publicarlas de forma que puedan ser\nconocidas sin aviso expl\u00edcito.<\/strong><\/p><p><strong>Los usuarios se comprometen al\ncumplimiento de estas condiciones generales y las que consten en su caso en el\naviso legal y la pol\u00edtica de privacidad de esta p\u00e1gina web, aplicando la buena\nfe en la contrataci\u00f3n.<\/strong><\/p><p><strong>Los precios que se indican son\ncon el IVA incluido. Y los gastos de env\u00edo los abonar\u00e1 el cliente, con lo que\nno est\u00e1n incluidos en los precios del producto, y estos variaran en funci\u00f3n del\ndestino y del peso del pedido. <\/strong><strong><em>S.C.A. del Campo El Alc\u00e1zar<\/em><\/strong><strong>\ninformar\u00e1 debidamente de los costes del env\u00edo en funci\u00f3n de las variantes del\nmismo en el momento de hacer la compra. Si el env\u00edo se tuviera que realizar a\nun territorio distinto a los disponibles en la p\u00e1gina de compra, <\/strong><strong><em>S.C.A. del\nCampo El Alc\u00e1zar<\/em><\/strong><strong> contactar\u00e1 con el usuario, ya sea v\u00eda correo\nelectr\u00f3nico o tel\u00e9fono, para comunicarle, si se diera el caso, los gastos\nextras de env\u00edo que pudieran surgir.<\/strong><\/p><p><strong>Confirmaci\u00f3n\nde la compra<\/strong><strong><\/strong><\/p><p><strong>Una vez realizada la compra y en\nel plazo m\u00e1s breve posible,<\/strong><strong><em> S.C.A. del Campo El Alc\u00e1zar<\/em><\/strong><strong> enviar\u00e1\nal usuario un email con el comprobante de la compra<\/strong><\/p><p><strong>Env\u00edo<\/strong><strong><\/strong><\/p><p><strong>El env\u00edo de la compra se har\u00e1\nefectivo en un plazo de 5 d\u00edas h\u00e1biles a contar desde el momento en que el\nusuario recibe el correo de confirmaci\u00f3n de la compra en, 9 d\u00edas para el resto\nde Europa, siempre y cuando el pago del pedido se haya realizado de manera\nefectiva.<\/strong><\/p><p><strong>El usuario se compromete a\nproporcionar informaci\u00f3n veraz a&nbsp; <\/strong><strong><em>S.C.A. del\nCampo El Alc\u00e1zar<\/em><\/strong><strong> y a mantenerla actualizada y tambi\u00e9n a\nposibilitar la entrega del pedido. A estos efectos proporcionar\u00e1 datos de una\ndirecci\u00f3n cierta y con disponibilidad de recepci\u00f3n de la remisi\u00f3n en horario\ncomercial o bien en horario previamente pactado con.<\/strong><strong><em> S.C.A. del\nCampo El Alc\u00e1zar<\/em><\/strong><strong><\/strong><\/p><p><strong>En el caso que el pedido no se\npudiera entregar por falta de disponibilidad por parte del usuario, <\/strong><strong><em>&nbsp;S.C.A. del Campo El Alc\u00e1zar<\/em><\/strong><strong> no se\nresponsabilizar\u00e1 de posibles retrasos en la entrega del pedido.<\/strong><\/p><p><strong>En el\ncaso de que el usuario no reciba el pedido en el plazo establecido, deber\u00e1\ndirigirse a&nbsp; <\/strong><strong><em>S.C.A. del\nCampo El Alc\u00e1zar<\/em><\/strong><strong> trav\u00e9s del correo&nbsp;<\/strong><strong><em>info@olibaeza.com<\/em><\/strong><strong><\/strong><\/p><p><strong>La adquisici\u00f3n de los productos\nofrecidos en www.olibaeza.com est\u00e1 sujeta a la disponibilidad de existencias.<\/strong><\/p><p><strong>Menores<\/strong><strong><\/strong><\/p><p><strong>Las personas menores de 18 a\u00f1os\nno podr\u00e1n hacer uso de los servicios ofrecidos por <\/strong><strong><em>S.C.A. del\nCampo El Alc\u00e1zar<\/em><\/strong><strong>.<\/strong><\/p><p><strong>Teniendo en cuenta que <\/strong><strong><em>S.C.A. del\nCampo El Alc\u00e1zar<\/em><\/strong><strong> no podr\u00e1 verificar la veracidad de los datos\nque el usuario proporcione, se reserva el derecho de atender los pedidos previa\ncomprobaci\u00f3n de los datos, cuando as\u00ed lo decida discrecionalmente, sin que eso\nsuponga ninguna alteraci\u00f3n de veracidad de esos datos que no compruebe.<\/strong><\/p><p><strong>Pago<\/strong><strong><\/strong><\/p><p><strong>El pago de las compras a<\/strong><strong><em> www.olibaeza.com<\/em><\/strong><strong> se realizar\u00e1\n&nbsp;principalmente mediante una cuenta PayPal. El cobro se efect\u00faa en el\nmomento de la compra.<\/strong><\/p><p><strong>El pago de las compras a <\/strong><strong><em>www.olibaeza.com<\/em><\/strong><strong> tambi\u00e9n\nse podr\u00e1 realizar mediante transferencia bancaria, debiendo indicar el usuario,\nsu nombre completo y n\u00famero de referencia del pedido.<\/strong><strong><em> S.C.A. del\nCampo El Alc\u00e1zar<\/em><\/strong><strong> enviar\u00e1 el pedido a partir del momento en el\nque le conste dicha transferencia en sus cuentas bancarias.<\/strong><\/p><p><strong>Devoluciones<\/strong><strong><\/strong><\/p><p><strong>El\nusuario podr\u00e1 devolver su pedido en un plazo de 3 d\u00edas h\u00e1biles desde la\nrecepci\u00f3n de la compra. En este caso contactar\u00e1 con<\/strong><strong><em> S.C.A. del\nCampo El Alc\u00e1zar<\/em><\/strong><strong> por correo electr\u00f3nico a trav\u00e9s de la\ndirecci\u00f3n<\/strong><strong><em> info@olibaeza.com<\/em><\/strong><strong>&nbsp;<\/strong><strong>informando de la devoluci\u00f3n y las\ncausas de esta.<\/strong><\/p><p><strong>Se puede ejercer el derecho de\ndesistimiento si se produce una de estas situaciones:<\/strong><\/p><p><strong>a) Si el producto adquirido no\nsatisface al usuario. Realiz\u00e1ndose la devoluci\u00f3n en el plazo mencionado\nanteriormente se deber\u00e1 devolver la compra con todos sus productos, con su\nembalaje original, con su precinto original sin romper, con todos sus\naccesorios y en perfecto estado. No se aceptar\u00e1n devoluciones de productos que\nno vengan con su embalaje original. En este caso <\/strong><strong><em>S.C.A. del\nCampo El Alc\u00e1zar<\/em><\/strong><strong> cobrar\u00e1 20\u20ac en concepto de gastos de\ndevoluci\u00f3n del pedido.<\/strong><\/p><p><strong>b) Cuando los productos sean\ndefectuosos. De ser as\u00ed, har\u00e1n falta pruebas fehacientes del mal estado del\nproducto. <\/strong><strong><em>S.C.A. del Campo El Alc\u00e1zar<\/em><\/strong><strong> recoger\u00e1\nel producto defectuoso y enviar\u00e1 nuevamente el producto al usuario sin costes\na\u00f1adidos. <\/strong><strong><em>S.C.A. del Campo El Alc\u00e1zar<\/em><\/strong><strong> quien\nabonar\u00e1 el importe del pedido una vez haya comprobado que la mercanc\u00eda cumple\nlas condiciones anteriores. En el caso de devoluciones que no &nbsp;atienda a lo anteriormente&nbsp; expuesto &nbsp;el cliente deber\u00e1 correr con los gastos de\ntransporte. Para solicitar esta devoluci\u00f3n deber\u00e1 comunicarlo en el correo\nelectr\u00f3nico a <\/strong><strong><em>info@olibaeza.com<\/em><\/strong><strong>.<\/strong><\/p><p><strong>c) En el\ncaso de que el defecto provenga de una incidencia en transporte, lo deber\u00e1\ncomunicar lo antes posible a <\/strong><strong><em>S.C.A. del Campo El Alc\u00e1zar<\/em><\/strong><strong>&nbsp; al tel\u00e9fono 953740311 o al correo electr\u00f3nico\n<\/strong><strong><em>info@olibaeza.com<\/em><\/strong><strong> &nbsp;y nunca hacerse cargo de la mercanc\u00eda si no\nest\u00e1 en perfecto estado; si aun as\u00ed se hiciera cargo de la misma tendr\u00e1 que\nponer en el albar\u00e1n de entrega que firme al transportista las anomal\u00edas que en\nel pedido viera; para que podamos reclamar a la empresa transportista los da\u00f1os\ny perjuicios ocasionados a su compra.<\/strong><\/p><p><strong>Reembolso\nde los importes pagados<\/strong><strong><\/strong><\/p><p><strong>En caso de que se tenga que hacer\nun reembolso de los importes pagados, <\/strong><strong><em>S.C.A. del Campo El Alc\u00e1zar<\/em><\/strong><strong> lo har\u00e1\nv\u00eda transferencia bancaria al n\u00famero de cuenta que indique el usuario en los 14\nd\u00edas naturales a partir de la comunicaci\u00f3n de desistimiento. El reembolso se\nhar\u00e1 una vez verificado y validado el estado del producto devuelto y una vez\ncomprobado que el pago ha sido efectivo sin posibilidades de retrocesi\u00f3n.<\/strong><\/p><p><strong>Cancelaci\u00f3n de compras.<\/strong><\/p><p><strong>Cancelaci\u00f3n de Compras.<\/strong><strong><\/strong><\/p><p><strong>El usuario puede cancelar el\nproceso de compra siempre y cuando \u00e9ste no haya sido procesado en su totalidad.\nCon el fin de asegurar por parte del cliente dicha cancelaci\u00f3n, es aconsejable\nponerse inmediatamente en contacto &nbsp;con <\/strong><strong><em>S.C.A. del Campo El Alc\u00e1zar<\/em> mediante correo electr\u00f3nico:<em>info@olibaeza.com<\/em> o por tel\u00e9fono: <em>953740311<\/em><\/strong><\/p>","protected":false},"excerpt":{"rendered":"<p>Estas condiciones de compra y entrega se aplican a todas las compras realizadas a trav\u00e9s de la p\u00e1gina web www.olibaeza.com, titularidad de S.C.A. del Campo El Alc\u00e1zar, con sede social en Carretera de Ibros S\/N &#8211; 23440 &#8211; Baeza &#8211; JAEN Cif F23005564, tel\u00e9fono 953740311 y direcci\u00f3n de correo electr\u00f3nico&nbsp;info@olibaeza.com Para cualquier consulta puede dirigirse&#8230;  <a class=\"excerpt-read-more\" href=\"https:\/\/www.olibaeza.com\/de\/terminos-y-condiciones-de-venta\/\" title=\"Read T\u00e9rminos y condiciones de venta\">Weiter &raquo;<\/a><\/p>\n","protected":false},"author":1,"featured_media":0,"parent":0,"menu_order":0,"comment_status":"closed","ping_status":"closed","template":"","meta":{"_acf_changed":false,"footnotes":""},"class_list":["post-1713","page","type-page","status-publish","hentry"],"acf":[],"_links":{"self":[{"href":"https:\/\/www.olibaeza.com\/de\/wp-json\/wp\/v2\/pages\/1713"}],"collection":[{"href":"https:\/\/www.olibaeza.com\/de\/wp-json\/wp\/v2\/pages"}],"about":[{"href":"https:\/\/www.olibaeza.com\/de\/wp-json\/wp\/v2\/types\/page"}],"author":[{"embeddable":true,"href":"https:\/\/www.olibaeza.com\/de\/wp-json\/wp\/v2\/users\/1"}],"replies":[{"embeddable":true,"href":"https:\/\/www.olibaeza.com\/de\/wp-json\/wp\/v2\/comments?post=1713"}],"version-history":[{"count":1,"href":"https:\/\/www.olibaeza.com\/de\/wp-json\/wp\/v2\/pages\/1713\/revisions"}],"predecessor-version":[{"id":1714,"href":"https:\/\/www.olibaeza.com\/de\/wp-json\/wp\/v2\/pages\/1713\/revisions\/1714"}],"wp:attachment":[{"href":"https:\/\/www.olibaeza.com\/de\/wp-json\/wp\/v2\/media?parent=1713"}],"curies":[{"name":"wp","href":"https:\/\/api.w.org\/{rel}","templated":true}]}}