{"id":1645,"date":"2018-09-18T14:50:52","date_gmt":"2018-09-18T14:50:52","guid":{"rendered":"https:\/\/www.olibaeza.com\/el-alcazar\/oleoturismo\/"},"modified":"2019-07-11T08:17:38","modified_gmt":"2019-07-11T08:17:38","slug":"oleoturismo","status":"publish","type":"page","link":"https:\/\/www.olibaeza.com\/de\/el-alcazar\/oleoturismo\/","title":{"rendered":"Oliven\u00f6l-Tourismus"},"content":{"rendered":"<h2 class=\"mb-3 wp-block-heading\">Lernen Sie uns kennen<\/h2><p>Wir von der Genossenschaft <strong>El Alc\u00e1zar<\/strong> zeigen\nIhnen gerne, wie wir arbeiten und eines der besten nativen Oliven\u00f6le extra AOVE\nder Provinz Ja\u00e9n herstellen. Auf diese Weise f\u00f6rdern wir das Interesse an der\nKultur des Olivenanbaus und des \u00d6ls.So haben wir uns einem\nProgramm f\u00fcr \u00d6l-Tourismus, der \u201e\u00d6lroute\u201c <strong>Oleotur Ja\u00e9n<\/strong>\nangeschlossenund bieten F\u00fchrungen durch unsere modernen\nInstallationen an, um den Besuchern den <strong>Produktionsprozess, die\nVerpackung und den Vertrieb<\/strong> unseres nativen Oliven\u00f6ls extra AOVE zu\nzeigen.<\/p><p>Au\u00dferdem k\u00f6nnen Sie um eine <strong>Degustation von \u00d6l<\/strong>\nbitten, bei der Sie Aromen und einen Geschmack kennen lernen, der Sie das\nOliven\u00f6l mit anderen Augen anschauen l\u00e4sst. <\/p><p>F\u00fcllen Sie das Formular aus, um einen Besuch unserer \u00d6lm\u00fchle\nzu beantragen und unsere Installationen kennen zu lernen.<\/p><div class=\"wp-block-columns has-3-columns is-layout-flex wp-container-core-columns-is-layout-1 wp-block-columns-is-layout-flex\"><div class=\"wp-block-column is-layout-flow wp-block-column-is-layout-flow\"><figure class=\"wp-block-image\"><img decoding=\"async\" width=\"500\" height=\"500\" src=\"http:\/\/olibaeza.com\/wp-content\/uploads\/2019\/03\/logos_oleoturismoMesa-de-trabajo-3.jpg\" alt=\"\" class=\"wp-image-863\" srcset=\"https:\/\/www.olibaeza.com\/wp-content\/uploads\/2019\/03\/logos_oleoturismoMesa-de-trabajo-3.jpg 500w, https:\/\/www.olibaeza.com\/wp-content\/uploads\/2019\/03\/logos_oleoturismoMesa-de-trabajo-3-150x150.jpg 150w, https:\/\/www.olibaeza.com\/wp-content\/uploads\/2019\/03\/logos_oleoturismoMesa-de-trabajo-3-300x300.jpg 300w, https:\/\/www.olibaeza.com\/wp-content\/uploads\/2019\/03\/logos_oleoturismoMesa-de-trabajo-3-125x125.jpg 125w, https:\/\/www.olibaeza.com\/wp-content\/uploads\/2019\/03\/logos_oleoturismoMesa-de-trabajo-3-100x100.jpg 100w\" sizes=\"(max-width: 500px) 100vw, 500px\" \/><\/figure><\/div>\n\n<div class=\"wp-block-column is-layout-flow wp-block-column-is-layout-flow\"><figure class=\"wp-block-image\"><img decoding=\"async\" width=\"500\" height=\"500\" src=\"http:\/\/olibaeza.com\/wp-content\/uploads\/2019\/03\/logos_oleoturismoMesa-de-trabajo-1.jpg\" alt=\"\" class=\"wp-image-864\" srcset=\"https:\/\/www.olibaeza.com\/wp-content\/uploads\/2019\/03\/logos_oleoturismoMesa-de-trabajo-1.jpg 500w, https:\/\/www.olibaeza.com\/wp-content\/uploads\/2019\/03\/logos_oleoturismoMesa-de-trabajo-1-150x150.jpg 150w, https:\/\/www.olibaeza.com\/wp-content\/uploads\/2019\/03\/logos_oleoturismoMesa-de-trabajo-1-300x300.jpg 300w, https:\/\/www.olibaeza.com\/wp-content\/uploads\/2019\/03\/logos_oleoturismoMesa-de-trabajo-1-125x125.jpg 125w, https:\/\/www.olibaeza.com\/wp-content\/uploads\/2019\/03\/logos_oleoturismoMesa-de-trabajo-1-100x100.jpg 100w\" sizes=\"(max-width: 500px) 100vw, 500px\" \/><\/figure><\/div>\n\n<div class=\"wp-block-column is-layout-flow wp-block-column-is-layout-flow\"><figure class=\"wp-block-image\"><img decoding=\"async\" width=\"500\" height=\"500\" src=\"https:\/\/www.olibaeza.com\/wp-content\/uploads\/2019\/03\/logos_oleoturismoMesa-de-trabajo-2.jpg\" alt=\"\" class=\"wp-image-865\" srcset=\"https:\/\/www.olibaeza.com\/wp-content\/uploads\/2019\/03\/logos_oleoturismoMesa-de-trabajo-2.jpg 500w, https:\/\/www.olibaeza.com\/wp-content\/uploads\/2019\/03\/logos_oleoturismoMesa-de-trabajo-2-150x150.jpg 150w, https:\/\/www.olibaeza.com\/wp-content\/uploads\/2019\/03\/logos_oleoturismoMesa-de-trabajo-2-300x300.jpg 300w, https:\/\/www.olibaeza.com\/wp-content\/uploads\/2019\/03\/logos_oleoturismoMesa-de-trabajo-2-125x125.jpg 125w, https:\/\/www.olibaeza.com\/wp-content\/uploads\/2019\/03\/logos_oleoturismoMesa-de-trabajo-2-100x100.jpg 100w\" sizes=\"(max-width: 500px) 100vw, 500px\" \/><\/figure><\/div><\/div>","protected":false},"excerpt":{"rendered":"<p>Lernen Sie uns kennen Wir von der Genossenschaft El Alc\u00e1zar zeigen Ihnen gerne, wie wir arbeiten und eines der besten nativen Oliven\u00f6le extra AOVE der Provinz Ja\u00e9n herstellen. Auf diese Weise f\u00f6rdern wir das Interesse an der Kultur des Olivenanbaus und des \u00d6ls.So haben wir uns einem Programm f\u00fcr \u00d6l-Tourismus, der \u201e\u00d6lroute\u201c Oleotur Ja\u00e9n angeschlossenund&#8230;  <a class=\"excerpt-read-more\" href=\"https:\/\/www.olibaeza.com\/de\/el-alcazar\/oleoturismo\/\" title=\"Read Oliven\u00f6l-Tourismus\">Weiter &raquo;<\/a><\/p>\n","protected":false},"author":1,"featured_media":0,"parent":1630,"menu_order":0,"comment_status":"closed","ping_status":"closed","template":"page-oleoturismo.php","meta":{"_acf_changed":false,"footnotes":""},"class_list":["post-1645","page","type-page","status-publish","hentry"],"acf":[],"_links":{"self":[{"href":"https:\/\/www.olibaeza.com\/de\/wp-json\/wp\/v2\/pages\/1645"}],"collection":[{"href":"https:\/\/www.olibaeza.com\/de\/wp-json\/wp\/v2\/pages"}],"about":[{"href":"https:\/\/www.olibaeza.com\/de\/wp-json\/wp\/v2\/types\/page"}],"author":[{"embeddable":true,"href":"https:\/\/www.olibaeza.com\/de\/wp-json\/wp\/v2\/users\/1"}],"replies":[{"embeddable":true,"href":"https:\/\/www.olibaeza.com\/de\/wp-json\/wp\/v2\/comments?post=1645"}],"version-history":[{"count":1,"href":"https:\/\/www.olibaeza.com\/de\/wp-json\/wp\/v2\/pages\/1645\/revisions"}],"predecessor-version":[{"id":1648,"href":"https:\/\/www.olibaeza.com\/de\/wp-json\/wp\/v2\/pages\/1645\/revisions\/1648"}],"up":[{"embeddable":true,"href":"https:\/\/www.olibaeza.com\/de\/wp-json\/wp\/v2\/pages\/1630"}],"wp:attachment":[{"href":"https:\/\/www.olibaeza.com\/de\/wp-json\/wp\/v2\/media?parent=1645"}],"curies":[{"name":"wp","href":"https:\/\/api.w.org\/{rel}","templated":true}]}}