{"id":1640,"date":"2018-09-18T14:51:16","date_gmt":"2018-09-18T14:51:16","guid":{"rendered":"https:\/\/www.olibaeza.com\/el-alcazar\/sostenibilidad\/"},"modified":"2019-07-11T08:07:06","modified_gmt":"2019-07-11T08:07:06","slug":"sostenibilidad","status":"publish","type":"page","link":"https:\/\/www.olibaeza.com\/de\/el-alcazar\/sostenibilidad\/","title":{"rendered":"Nachhaltigkeit"},"content":{"rendered":"<p>Die Genossenschaft <strong>El\nAlc\u00e1zar<\/strong> setzt auf nachhaltige Entwicklung und Umweltschutz.\nDeshalb hat sie in ihrer Anlage eine Reihe von Ma\u00dfnahmen eingef\u00fchrt, welche es\nerm\u00f6glichen, auf umweltschonendere Weise zu arbeiten. <\/p>","protected":false},"excerpt":{"rendered":"<p>Die Genossenschaft El Alc\u00e1zar setzt auf nachhaltige Entwicklung und Umweltschutz. Deshalb hat sie in ihrer Anlage eine Reihe von Ma\u00dfnahmen eingef\u00fchrt, welche es erm\u00f6glichen, auf umweltschonendere Weise zu arbeiten.<\/p>\n","protected":false},"author":1,"featured_media":0,"parent":1630,"menu_order":0,"comment_status":"closed","ping_status":"closed","template":"","meta":{"_acf_changed":false,"footnotes":""},"class_list":["post-1640","page","type-page","status-publish","hentry"],"acf":[],"_links":{"self":[{"href":"https:\/\/www.olibaeza.com\/de\/wp-json\/wp\/v2\/pages\/1640"}],"collection":[{"href":"https:\/\/www.olibaeza.com\/de\/wp-json\/wp\/v2\/pages"}],"about":[{"href":"https:\/\/www.olibaeza.com\/de\/wp-json\/wp\/v2\/types\/page"}],"author":[{"embeddable":true,"href":"https:\/\/www.olibaeza.com\/de\/wp-json\/wp\/v2\/users\/1"}],"replies":[{"embeddable":true,"href":"https:\/\/www.olibaeza.com\/de\/wp-json\/wp\/v2\/comments?post=1640"}],"version-history":[{"count":2,"href":"https:\/\/www.olibaeza.com\/de\/wp-json\/wp\/v2\/pages\/1640\/revisions"}],"predecessor-version":[{"id":1644,"href":"https:\/\/www.olibaeza.com\/de\/wp-json\/wp\/v2\/pages\/1640\/revisions\/1644"}],"up":[{"embeddable":true,"href":"https:\/\/www.olibaeza.com\/de\/wp-json\/wp\/v2\/pages\/1630"}],"wp:attachment":[{"href":"https:\/\/www.olibaeza.com\/de\/wp-json\/wp\/v2\/media?parent=1640"}],"curies":[{"name":"wp","href":"https:\/\/api.w.org\/{rel}","templated":true}]}}