{"id":1631,"date":"2018-09-18T14:50:12","date_gmt":"2018-09-18T14:50:12","guid":{"rendered":"https:\/\/www.olibaeza.com\/el-alcazar\/nuestra-historia\/"},"modified":"2019-07-11T07:58:47","modified_gmt":"2019-07-11T07:58:47","slug":"nuestra-historia","status":"publish","type":"page","link":"https:\/\/www.olibaeza.com\/de\/el-alcazar\/nuestra-historia\/","title":{"rendered":"Nuestra Historia"},"content":{"rendered":"<div class=\"wp-block-image\"><figure class=\"aligncenter\"><img decoding=\"async\" width=\"1140\" height=\"354\" src=\"http:\/\/olibaeza.com\/wp-content\/uploads\/2019\/03\/Baeza-098-g.jpg\" alt=\"\" class=\"wp-image-748\" srcset=\"https:\/\/www.olibaeza.com\/wp-content\/uploads\/2019\/03\/Baeza-098-g.jpg 1140w, https:\/\/www.olibaeza.com\/wp-content\/uploads\/2019\/03\/Baeza-098-g-300x93.jpg 300w, https:\/\/www.olibaeza.com\/wp-content\/uploads\/2019\/03\/Baeza-098-g-768x238.jpg 768w, https:\/\/www.olibaeza.com\/wp-content\/uploads\/2019\/03\/Baeza-098-g-1024x318.jpg 1024w, https:\/\/www.olibaeza.com\/wp-content\/uploads\/2019\/03\/Baeza-098-g-600x186.jpg 600w\" sizes=\"(max-width: 1140px) 100vw, 1140px\" \/><\/figure><\/div><div style=\"height:20px\" aria-hidden=\"true\" class=\"wp-block-spacer\"><\/div><p>Die Genossenschaft <strong>El Alc\u00e1zar<\/strong> hat ihren Sitz in der Weltkulturerbe-Stadt <strong>Baeza <\/strong>im Zentrum der Provinz <strong>Ja\u00e9n<\/strong>. Sie wurde <strong>1951 gegr\u00fcndet<\/strong>. Ihr Zweck war und ist bis heute die Herstellung und der Vertrieb des Oliven\u00f6ls ihrer Mitglieder. Weiterhin hat sie zum Ziel, ihren Kunden ein <strong>hervorragendes natives Oliven\u00f6l extra<\/strong> anzubieten. <\/p><p> <\/p>","protected":false},"excerpt":{"rendered":"<p>Die Genossenschaft El Alc\u00e1zar hat ihren Sitz in der Weltkulturerbe-Stadt Baeza im Zentrum der Provinz Ja\u00e9n. Sie wurde 1951 gegr\u00fcndet. Ihr Zweck war und ist bis heute die Herstellung und der Vertrieb des Oliven\u00f6ls ihrer Mitglieder. Weiterhin hat sie zum Ziel, ihren Kunden ein hervorragendes natives Oliven\u00f6l extra anzubieten.<\/p>\n","protected":false},"author":1,"featured_media":0,"parent":1630,"menu_order":0,"comment_status":"closed","ping_status":"closed","template":"","meta":{"_acf_changed":false,"footnotes":""},"class_list":["post-1631","page","type-page","status-publish","hentry"],"acf":[],"_links":{"self":[{"href":"https:\/\/www.olibaeza.com\/de\/wp-json\/wp\/v2\/pages\/1631"}],"collection":[{"href":"https:\/\/www.olibaeza.com\/de\/wp-json\/wp\/v2\/pages"}],"about":[{"href":"https:\/\/www.olibaeza.com\/de\/wp-json\/wp\/v2\/types\/page"}],"author":[{"embeddable":true,"href":"https:\/\/www.olibaeza.com\/de\/wp-json\/wp\/v2\/users\/1"}],"replies":[{"embeddable":true,"href":"https:\/\/www.olibaeza.com\/de\/wp-json\/wp\/v2\/comments?post=1631"}],"version-history":[{"count":3,"href":"https:\/\/www.olibaeza.com\/de\/wp-json\/wp\/v2\/pages\/1631\/revisions"}],"predecessor-version":[{"id":1635,"href":"https:\/\/www.olibaeza.com\/de\/wp-json\/wp\/v2\/pages\/1631\/revisions\/1635"}],"up":[{"embeddable":true,"href":"https:\/\/www.olibaeza.com\/de\/wp-json\/wp\/v2\/pages\/1630"}],"wp:attachment":[{"href":"https:\/\/www.olibaeza.com\/de\/wp-json\/wp\/v2\/media?parent=1631"}],"curies":[{"name":"wp","href":"https:\/\/api.w.org\/{rel}","templated":true}]}}